{"id":1259,"date":"2025-05-25T20:18:10","date_gmt":"2025-05-25T23:18:10","guid":{"rendered":"https:\/\/www.armstrongfit.com.br\/home\/?post_type=product&#038;p=1259"},"modified":"2025-05-25T20:30:50","modified_gmt":"2025-05-25T23:30:50","slug":"quadricross","status":"publish","type":"product","link":"https:\/\/www.armstrongfit.com.br\/home\/produto\/quadricross\/","title":{"rendered":"QUADRICROSS"},"content":{"rendered":"<p data-start=\"537\" data-end=\"911\">O <strong data-start=\"539\" data-end=\"565\">Quadripolias Armstrong<\/strong> \u00e9 o equipamento definitivo para academias que valorizam <strong data-start=\"622\" data-end=\"677\">efici\u00eancia, versatilidade e desempenho profissional<\/strong>. Com <strong data-start=\"683\" data-end=\"709\">4 torres independentes<\/strong>, cada uma equipada com <strong data-start=\"733\" data-end=\"764\">polias ajust\u00e1veis em altura<\/strong>, esse sistema permite <strong data-start=\"787\" data-end=\"822\">diversos exerc\u00edcios simult\u00e2neos<\/strong>, atendendo at\u00e9 4 usu\u00e1rios ao mesmo tempo \u2014 sem cruzamento de cabos e sem perda de carga.<\/p>\n<p data-start=\"913\" data-end=\"1094\">Ideal para treinos funcionais, muscula\u00e7\u00e3o, reabilita\u00e7\u00e3o e personal training, o Quadripolias oferece <strong data-start=\"1013\" data-end=\"1093\">movimentos livres com precis\u00e3o de carga, conforto e estabilidade biomec\u00e2nica<\/strong>.<\/p>\n","protected":false},"excerpt":{"rendered":"<p>O Quadripolias Armstrong \u00e9 o equipamento definitivo para academias que valorizam efici\u00eancia, versatilidade e desempenho profissional. Com 4 torres independentes, [&hellip;]<\/p>\n","protected":false},"featured_media":1267,"template":"","meta":{"site-sidebar-layout":"default","site-content-layout":"","ast-site-content-layout":"default","site-content-style":"default","site-sidebar-style":"default","ast-global-header-display":"","ast-banner-title-visibility":"","ast-main-header-display":"","ast-hfb-above-header-display":"","ast-hfb-below-header-display":"","ast-hfb-mobile-header-display":"","site-post-title":"","ast-breadcrumbs-content":"disabled","ast-featured-img":"","footer-sml-layout":"","theme-transparent-header-meta":"default","adv-header-id-meta":"","stick-header-meta":"","header-above-stick-meta":"","header-main-stick-meta":"","header-below-stick-meta":"","astra-migrate-meta-layouts":"set","ast-page-background-enabled":"default","ast-page-background-meta":{"desktop":{"background-color":"var(--ast-global-color-4)","background-image":"","background-repeat":"repeat","background-position":"center center","background-size":"auto","background-attachment":"scroll","background-type":"","background-media":"","overlay-type":"","overlay-color":"","overlay-opacity":"","overlay-gradient":""},"tablet":{"background-color":"","background-image":"","background-repeat":"repeat","background-position":"center center","background-size":"auto","background-attachment":"scroll","background-type":"","background-media":"","overlay-type":"","overlay-color":"","overlay-opacity":"","overlay-gradient":""},"mobile":{"background-color":"","background-image":"","background-repeat":"repeat","background-position":"center center","background-size":"auto","background-attachment":"scroll","background-type":"","background-media":"","overlay-type":"","overlay-color":"","overlay-opacity":"","overlay-gradient":""}},"ast-content-background-meta":{"desktop":{"background-color":"var(--ast-global-color-5)","background-image":"","background-repeat":"repeat","background-position":"center center","background-size":"auto","background-attachment":"scroll","background-type":"","background-media":"","overlay-type":"","overlay-color":"","overlay-opacity":"","overlay-gradient":""},"tablet":{"background-color":"var(--ast-global-color-5)","background-image":"","background-repeat":"repeat","background-position":"center center","background-size":"auto","background-attachment":"scroll","background-type":"","background-media":"","overlay-type":"","overlay-color":"","overlay-opacity":"","overlay-gradient":""},"mobile":{"background-color":"var(--ast-global-color-5)","background-image":"","background-repeat":"repeat","background-position":"center center","background-size":"auto","background-attachment":"scroll","background-type":"","background-media":"","overlay-type":"","overlay-color":"","overlay-opacity":"","overlay-gradient":""}}},"product_brand":[],"product_cat":[23],"product_tag":[],"class_list":{"0":"post-1259","1":"product","2":"type-product","3":"status-publish","4":"has-post-thumbnail","6":"product_cat-maquinas","7":"desktop-align-center","8":"tablet-align-left","9":"mobile-align-left","11":"first","12":"onbackorder","13":"shipping-taxable","14":"product-type-simple"},"_links":{"self":[{"href":"https:\/\/www.armstrongfit.com.br\/home\/wp-json\/wp\/v2\/product\/1259","targetHints":{"allow":["GET"]}}],"collection":[{"href":"https:\/\/www.armstrongfit.com.br\/home\/wp-json\/wp\/v2\/product"}],"about":[{"href":"https:\/\/www.armstrongfit.com.br\/home\/wp-json\/wp\/v2\/types\/product"}],"wp:featuredmedia":[{"embeddable":true,"href":"https:\/\/www.armstrongfit.com.br\/home\/wp-json\/wp\/v2\/media\/1267"}],"wp:attachment":[{"href":"https:\/\/www.armstrongfit.com.br\/home\/wp-json\/wp\/v2\/media?parent=1259"}],"wp:term":[{"taxonomy":"product_brand","embeddable":true,"href":"https:\/\/www.armstrongfit.com.br\/home\/wp-json\/wp\/v2\/product_brand?post=1259"},{"taxonomy":"product_cat","embeddable":true,"href":"https:\/\/www.armstrongfit.com.br\/home\/wp-json\/wp\/v2\/product_cat?post=1259"},{"taxonomy":"product_tag","embeddable":true,"href":"https:\/\/www.armstrongfit.com.br\/home\/wp-json\/wp\/v2\/product_tag?post=1259"}],"curies":[{"name":"wp","href":"https:\/\/api.w.org\/{rel}","templated":true}]}}