{"id":1255,"date":"2025-05-25T19:49:07","date_gmt":"2025-05-25T22:49:07","guid":{"rendered":"https:\/\/www.armstrongfit.com.br\/home\/?post_type=product&#038;p=1255"},"modified":"2025-05-25T19:49:07","modified_gmt":"2025-05-25T22:49:07","slug":"leg-press-45o","status":"publish","type":"product","link":"https:\/\/www.armstrongfit.com.br\/home\/produto\/leg-press-45o\/","title":{"rendered":"LEG PRESS 45\u00ba"},"content":{"rendered":"<p data-start=\"307\" data-end=\"600\">O <strong data-start=\"309\" data-end=\"336\">Leg Press 45\u00b0 Armstrong<\/strong> \u00e9 ideal para quem busca <strong data-start=\"361\" data-end=\"421\">hipertrofia, for\u00e7a e estabilidade nos membros inferiores<\/strong>. Com design robusto, angula\u00e7\u00e3o precisa e conforto anat\u00f4mico, esse equipamento entrega <strong data-start=\"508\" data-end=\"542\">alta performance com seguran\u00e7a<\/strong>, sendo indispens\u00e1vel em qualquer academia de alto padr\u00e3o.<\/p>\n","protected":false},"excerpt":{"rendered":"<p>O Leg Press 45\u00b0 Armstrong \u00e9 ideal para quem busca hipertrofia, for\u00e7a e estabilidade nos membros inferiores. Com design robusto, [&hellip;]<\/p>\n","protected":false},"featured_media":1256,"template":"","meta":{"site-sidebar-layout":"default","site-content-layout":"","ast-site-content-layout":"default","site-content-style":"default","site-sidebar-style":"default","ast-global-header-display":"","ast-banner-title-visibility":"","ast-main-header-display":"","ast-hfb-above-header-display":"","ast-hfb-below-header-display":"","ast-hfb-mobile-header-display":"","site-post-title":"","ast-breadcrumbs-content":"","ast-featured-img":"","footer-sml-layout":"","theme-transparent-header-meta":"default","adv-header-id-meta":"","stick-header-meta":"","header-above-stick-meta":"","header-main-stick-meta":"","header-below-stick-meta":"","astra-migrate-meta-layouts":"set","ast-page-background-enabled":"default","ast-page-background-meta":{"desktop":{"background-color":"var(--ast-global-color-4)","background-image":"","background-repeat":"repeat","background-position":"center center","background-size":"auto","background-attachment":"scroll","background-type":"","background-media":"","overlay-type":"","overlay-color":"","overlay-opacity":"","overlay-gradient":""},"tablet":{"background-color":"","background-image":"","background-repeat":"repeat","background-position":"center center","background-size":"auto","background-attachment":"scroll","background-type":"","background-media":"","overlay-type":"","overlay-color":"","overlay-opacity":"","overlay-gradient":""},"mobile":{"background-color":"","background-image":"","background-repeat":"repeat","background-position":"center center","background-size":"auto","background-attachment":"scroll","background-type":"","background-media":"","overlay-type":"","overlay-color":"","overlay-opacity":"","overlay-gradient":""}},"ast-content-background-meta":{"desktop":{"background-color":"var(--ast-global-color-5)","background-image":"","background-repeat":"repeat","background-position":"center center","background-size":"auto","background-attachment":"scroll","background-type":"","background-media":"","overlay-type":"","overlay-color":"","overlay-opacity":"","overlay-gradient":""},"tablet":{"background-color":"var(--ast-global-color-5)","background-image":"","background-repeat":"repeat","background-position":"center center","background-size":"auto","background-attachment":"scroll","background-type":"","background-media":"","overlay-type":"","overlay-color":"","overlay-opacity":"","overlay-gradient":""},"mobile":{"background-color":"var(--ast-global-color-5)","background-image":"","background-repeat":"repeat","background-position":"center center","background-size":"auto","background-attachment":"scroll","background-type":"","background-media":"","overlay-type":"","overlay-color":"","overlay-opacity":"","overlay-gradient":""}}},"product_brand":[],"product_cat":[24],"product_tag":[],"class_list":{"0":"post-1255","1":"product","2":"type-product","3":"status-publish","4":"has-post-thumbnail","6":"product_cat-articulados","7":"desktop-align-center","8":"tablet-align-left","9":"mobile-align-left","11":"first","12":"onbackorder","13":"shipping-taxable","14":"purchasable","15":"product-type-simple"},"_links":{"self":[{"href":"https:\/\/www.armstrongfit.com.br\/home\/wp-json\/wp\/v2\/product\/1255","targetHints":{"allow":["GET"]}}],"collection":[{"href":"https:\/\/www.armstrongfit.com.br\/home\/wp-json\/wp\/v2\/product"}],"about":[{"href":"https:\/\/www.armstrongfit.com.br\/home\/wp-json\/wp\/v2\/types\/product"}],"wp:featuredmedia":[{"embeddable":true,"href":"https:\/\/www.armstrongfit.com.br\/home\/wp-json\/wp\/v2\/media\/1256"}],"wp:attachment":[{"href":"https:\/\/www.armstrongfit.com.br\/home\/wp-json\/wp\/v2\/media?parent=1255"}],"wp:term":[{"taxonomy":"product_brand","embeddable":true,"href":"https:\/\/www.armstrongfit.com.br\/home\/wp-json\/wp\/v2\/product_brand?post=1255"},{"taxonomy":"product_cat","embeddable":true,"href":"https:\/\/www.armstrongfit.com.br\/home\/wp-json\/wp\/v2\/product_cat?post=1255"},{"taxonomy":"product_tag","embeddable":true,"href":"https:\/\/www.armstrongfit.com.br\/home\/wp-json\/wp\/v2\/product_tag?post=1255"}],"curies":[{"name":"wp","href":"https:\/\/api.w.org\/{rel}","templated":true}]}}