{"id":1075,"date":"2025-05-25T08:50:07","date_gmt":"2025-05-25T11:50:07","guid":{"rendered":"https:\/\/www.armstrongfit.com.br\/home\/?post_type=product&#038;p=1075"},"modified":"2025-05-25T20:31:25","modified_gmt":"2025-05-25T23:31:25","slug":"cadeira-adutora-abdutora-copia","status":"publish","type":"product","link":"https:\/\/www.armstrongfit.com.br\/home\/produto\/cadeira-adutora-abdutora-copia\/","title":{"rendered":"CADEIRA ADUTORA\/ABDUTORA"},"content":{"rendered":"<p data-start=\"370\" data-end=\"728\"><span class=\"_fadeIn_m1hgl_8\">A <\/span><strong data-start=\"372\" data-end=\"410\"><span class=\"_fadeIn_m1hgl_8\">Cadeira <\/span><span class=\"_fadeIn_m1hgl_8\">Adutora\/<\/span><span class=\"_fadeIn_m1hgl_8\">Abdutora <\/span><span class=\"_fadeIn_m1hgl_8\">Conjugada<\/span><\/strong> <span class=\"_fadeIn_m1hgl_8\">\u00e9 <\/span><span class=\"_fadeIn_m1hgl_8\">o <\/span><span class=\"_fadeIn_m1hgl_8\">equipamento <\/span><span class=\"_fadeIn_m1hgl_8\">ideal <\/span><span class=\"_fadeIn_m1hgl_8\">para <\/span><span class=\"_fadeIn_m1hgl_8\">quem <\/span><span class=\"_fadeIn_m1hgl_8\">busca <\/span><strong data-start=\"449\" data-end=\"505\"><span class=\"_fadeIn_m1hgl_8\">efici\u00eancia, <\/span><span class=\"_fadeIn_m1hgl_8\">economia <\/span><span class=\"_fadeIn_m1hgl_8\">de <\/span><span class=\"_fadeIn_m1hgl_8\">espa\u00e7o <\/span><span class=\"_fadeIn_m1hgl_8\">e <\/span><span class=\"_fadeIn_m1hgl_8\">resultados <\/span><span class=\"_fadeIn_m1hgl_8\">vis\u00edveis<\/span><\/strong> <span class=\"_fadeIn_m1hgl_8\">no <\/span><span class=\"_fadeIn_m1hgl_8\">fortalecimento <\/span><span class=\"_fadeIn_m1hgl_8\">da <\/span><span class=\"_fadeIn_m1hgl_8\">musculatura <\/span><span class=\"_fadeIn_m1hgl_8\">dos <\/span><span class=\"_fadeIn_m1hgl_8\">membros <\/span><span class=\"_fadeIn_m1hgl_8\">inferiores. <\/span><span class=\"_fadeIn_m1hgl_8\">Em <\/span><span class=\"_fadeIn_m1hgl_8\">um <\/span><span class=\"_fadeIn_m1hgl_8\">\u00fanico <\/span><span class=\"_fadeIn_m1hgl_8\">aparelho, <\/span><span class=\"_fadeIn_m1hgl_8\">o <\/span><span class=\"_fadeIn_m1hgl_8\">usu\u00e1rio <\/span><span class=\"_fadeIn_m1hgl_8\">realiza <\/span><strong data-start=\"603\" data-end=\"635\"><span class=\"_fadeIn_m1hgl_8\">dois <\/span><span class=\"_fadeIn_m1hgl_8\">exerc\u00edcios <\/span><span class=\"_fadeIn_m1hgl_8\">fundamentais<\/span><\/strong><span class=\"_fadeIn_m1hgl_8\">: <\/span><span class=\"_fadeIn_m1hgl_8\">adu\u00e7\u00e3o (<\/span><span class=\"_fadeIn_m1hgl_8\">parte <\/span><span class=\"_fadeIn_m1hgl_8\">interna <\/span><span class=\"_fadeIn_m1hgl_8\">das <\/span><span class=\"_fadeIn_m1hgl_8\">coxas) <\/span><span class=\"_fadeIn_m1hgl_8\">e <\/span><span class=\"_fadeIn_m1hgl_8\">abdu\u00e7\u00e3o (<\/span><span class=\"_fadeIn_m1hgl_8\">parte <\/span><span class=\"_fadeIn_m1hgl_8\">externa), <\/span><span class=\"_fadeIn_m1hgl_8\">com <\/span><span class=\"_fadeIn_m1hgl_8\">total <\/span><span class=\"_fadeIn_m1hgl_8\">conforto <\/span><span class=\"_fadeIn_m1hgl_8\">e <\/span><span class=\"_fadeIn_m1hgl_8\">seguran\u00e7a.<\/span><\/p>\n<p data-start=\"730\" data-end=\"882\"><span class=\"_fadeIn_m1hgl_8\">Projetada <\/span><span class=\"_fadeIn_m1hgl_8\">com <\/span><span class=\"_fadeIn_m1hgl_8\">alta <\/span><span class=\"_fadeIn_m1hgl_8\">tecnologia <\/span><span class=\"_fadeIn_m1hgl_8\">e <\/span><span class=\"_fadeIn_m1hgl_8\">durabilidade, <\/span><span class=\"_fadeIn_m1hgl_8\">\u00e9 <\/span><span class=\"_fadeIn_m1hgl_8\">perfeita <\/span><span class=\"_fadeIn_m1hgl_8\">para <\/span><span class=\"_fadeIn_m1hgl_8\">academias <\/span><span class=\"_fadeIn_m1hgl_8\">que <\/span><span class=\"_fadeIn_m1hgl_8\">valorizam <\/span><strong data-start=\"816\" data-end=\"881\"><span class=\"_fadeIn_m1hgl_8\">equipamentos <\/span><span class=\"_fadeIn_m1hgl_8\">vers\u00e1teis, <\/span><span class=\"_fadeIn_m1hgl_8\">ergon\u00f4micos <\/span><span class=\"_fadeIn_m1hgl_8\">e <\/span><span class=\"_fadeIn_m1hgl_8\">com <\/span><span class=\"_fadeIn_m1hgl_8\">design <\/span><span class=\"_fadeIn_m1hgl_8\">profissional<\/span><\/strong><span class=\"_fadeIn_m1hgl_8\">.<\/span><\/p>\n","protected":false},"excerpt":{"rendered":"<p>A Cadeira Adutora\/Abdutora Conjugada \u00e9 o equipamento ideal para quem busca efici\u00eancia, economia de espa\u00e7o e resultados vis\u00edveis no fortalecimento [&hellip;]<\/p>\n","protected":false},"featured_media":1066,"template":"","meta":{"site-sidebar-layout":"default","site-content-layout":"","ast-site-content-layout":"default","site-content-style":"default","site-sidebar-style":"default","ast-global-header-display":"","ast-banner-title-visibility":"","ast-main-header-display":"","ast-hfb-above-header-display":"","ast-hfb-below-header-display":"","ast-hfb-mobile-header-display":"","site-post-title":"","ast-breadcrumbs-content":"disabled","ast-featured-img":"","footer-sml-layout":"","theme-transparent-header-meta":"default","adv-header-id-meta":"","stick-header-meta":"","header-above-stick-meta":"","header-main-stick-meta":"","header-below-stick-meta":"","astra-migrate-meta-layouts":"set","ast-page-background-enabled":"default","ast-page-background-meta":{"desktop":{"background-color":"var(--ast-global-color-4)","background-image":"","background-repeat":"repeat","background-position":"center center","background-size":"auto","background-attachment":"scroll","background-type":"","background-media":"","overlay-type":"","overlay-color":"","overlay-opacity":"","overlay-gradient":""},"tablet":{"background-color":"","background-image":"","background-repeat":"repeat","background-position":"center center","background-size":"auto","background-attachment":"scroll","background-type":"","background-media":"","overlay-type":"","overlay-color":"","overlay-opacity":"","overlay-gradient":""},"mobile":{"background-color":"","background-image":"","background-repeat":"repeat","background-position":"center center","background-size":"auto","background-attachment":"scroll","background-type":"","background-media":"","overlay-type":"","overlay-color":"","overlay-opacity":"","overlay-gradient":""}},"ast-content-background-meta":{"desktop":{"background-color":"var(--ast-global-color-5)","background-image":"","background-repeat":"repeat","background-position":"center center","background-size":"auto","background-attachment":"scroll","background-type":"","background-media":"","overlay-type":"","overlay-color":"","overlay-opacity":"","overlay-gradient":""},"tablet":{"background-color":"var(--ast-global-color-5)","background-image":"","background-repeat":"repeat","background-position":"center center","background-size":"auto","background-attachment":"scroll","background-type":"","background-media":"","overlay-type":"","overlay-color":"","overlay-opacity":"","overlay-gradient":""},"mobile":{"background-color":"var(--ast-global-color-5)","background-image":"","background-repeat":"repeat","background-position":"center center","background-size":"auto","background-attachment":"scroll","background-type":"","background-media":"","overlay-type":"","overlay-color":"","overlay-opacity":"","overlay-gradient":""}}},"product_brand":[],"product_cat":[23],"product_tag":[30,29,28,27,26],"class_list":{"0":"post-1075","1":"product","2":"type-product","3":"status-publish","4":"has-post-thumbnail","6":"product_cat-maquinas","7":"product_tag-abdutor","8":"product_tag-adutor","9":"product_tag-bateria-de-peso","10":"product_tag-naquina","11":"product_tag-pernas","12":"desktop-align-center","13":"tablet-align-left","14":"mobile-align-left","16":"first","17":"onbackorder","18":"sale","19":"shipping-taxable","20":"purchasable","21":"product-type-simple"},"_links":{"self":[{"href":"https:\/\/www.armstrongfit.com.br\/home\/wp-json\/wp\/v2\/product\/1075","targetHints":{"allow":["GET"]}}],"collection":[{"href":"https:\/\/www.armstrongfit.com.br\/home\/wp-json\/wp\/v2\/product"}],"about":[{"href":"https:\/\/www.armstrongfit.com.br\/home\/wp-json\/wp\/v2\/types\/product"}],"wp:featuredmedia":[{"embeddable":true,"href":"https:\/\/www.armstrongfit.com.br\/home\/wp-json\/wp\/v2\/media\/1066"}],"wp:attachment":[{"href":"https:\/\/www.armstrongfit.com.br\/home\/wp-json\/wp\/v2\/media?parent=1075"}],"wp:term":[{"taxonomy":"product_brand","embeddable":true,"href":"https:\/\/www.armstrongfit.com.br\/home\/wp-json\/wp\/v2\/product_brand?post=1075"},{"taxonomy":"product_cat","embeddable":true,"href":"https:\/\/www.armstrongfit.com.br\/home\/wp-json\/wp\/v2\/product_cat?post=1075"},{"taxonomy":"product_tag","embeddable":true,"href":"https:\/\/www.armstrongfit.com.br\/home\/wp-json\/wp\/v2\/product_tag?post=1075"}],"curies":[{"name":"wp","href":"https:\/\/api.w.org\/{rel}","templated":true}]}}