{"id":21,"date":"2025-04-27T12:44:48","date_gmt":"2025-04-27T15:44:48","guid":{"rendered":"https:\/\/www.armstrongfit.com.br\/home\/about\/"},"modified":"2025-05-17T11:02:41","modified_gmt":"2025-05-17T14:02:41","slug":"sobre-nos","status":"publish","type":"page","link":"https:\/\/www.armstrongfit.com.br\/home\/sobre-nos\/","title":{"rendered":"Sobre n\u00f3s"},"content":{"rendered":"\t\t<div data-elementor-type=\"wp-page\" data-elementor-id=\"21\" class=\"elementor elementor-21\" data-elementor-post-type=\"page\">\n\t\t\t\t<div class=\"elementor-element elementor-element-e2e98b7 e-flex e-con-boxed e-con e-parent\" data-id=\"e2e98b7\" data-element_type=\"container\">\n\t\t\t\t\t<div class=\"e-con-inner\">\n\t\t<div class=\"elementor-element elementor-element-0ae5734 e-con-full e-flex e-con e-child\" data-id=\"0ae5734\" data-element_type=\"container\">\n\t\t\t\t<div class=\"elementor-element elementor-element-f1cf143 elementor-widget elementor-widget-text-editor\" data-id=\"f1cf143\" data-element_type=\"widget\" data-widget_type=\"text-editor.default\">\n\t\t\t\t<div class=\"elementor-widget-container\">\n\t\t\t\t\t\t\t\t\t<p>SOBRE N\u00d3S<\/p>\t\t\t\t\t\t\t\t<\/div>\n\t\t\t\t<\/div>\n\t\t\t\t<div class=\"elementor-element elementor-element-d4a5d45 elementor-widget-divider--view-line elementor-widget elementor-widget-divider\" data-id=\"d4a5d45\" data-element_type=\"widget\" data-widget_type=\"divider.default\">\n\t\t\t\t<div class=\"elementor-widget-container\">\n\t\t\t\t\t\t\t<div class=\"elementor-divider\">\n\t\t\t<span class=\"elementor-divider-separator\">\n\t\t\t\t\t\t<\/span>\n\t\t<\/div>\n\t\t\t\t\t\t<\/div>\n\t\t\t\t<\/div>\n\t\t\t\t<\/div>\n\t\t<div class=\"elementor-element elementor-element-ca1fc5d e-con-full e-flex e-con e-child\" data-id=\"ca1fc5d\" data-element_type=\"container\">\n\t\t\t\t<div class=\"elementor-element elementor-element-2323847 elementor-widget elementor-widget-heading\" data-id=\"2323847\" data-element_type=\"widget\" data-widget_type=\"heading.default\">\n\t\t\t\t<div class=\"elementor-widget-container\">\n\t\t\t\t\t<h2 class=\"elementor-heading-title elementor-size-default\">Paix\u00e3o pelo movimento. Compromisso com a excel\u00eancia.<\/h2>\t\t\t\t<\/div>\n\t\t\t\t<\/div>\n\t\t\t\t<\/div>\n\t\t\t\t\t<\/div>\n\t\t\t\t<\/div>\n\t\t<div class=\"elementor-element elementor-element-14fd6ba e-flex e-con-boxed e-con e-parent\" data-id=\"14fd6ba\" data-element_type=\"container\">\n\t\t\t\t\t<div class=\"e-con-inner\">\n\t\t<div class=\"elementor-element elementor-element-46fe4eb e-con-full e-flex e-con e-child\" data-id=\"46fe4eb\" data-element_type=\"container\">\n\t\t\t\t<div class=\"elementor-element elementor-element-f3a26f4 elementor-widget elementor-widget-heading\" data-id=\"f3a26f4\" data-element_type=\"widget\" data-widget_type=\"heading.default\">\n\t\t\t\t<div class=\"elementor-widget-container\">\n\t\t\t\t\t<h6 class=\"elementor-heading-title elementor-size-default\">NOSSA HIST\u00d3RIA<\/h6>\t\t\t\t<\/div>\n\t\t\t\t<\/div>\n\t\t\t\t<div class=\"elementor-element elementor-element-7a1e5d9 elementor-widget-divider--view-line elementor-widget elementor-widget-divider\" data-id=\"7a1e5d9\" data-element_type=\"widget\" data-widget_type=\"divider.default\">\n\t\t\t\t<div class=\"elementor-widget-container\">\n\t\t\t\t\t\t\t<div class=\"elementor-divider\">\n\t\t\t<span class=\"elementor-divider-separator\">\n\t\t\t\t\t\t<\/span>\n\t\t<\/div>\n\t\t\t\t\t\t<\/div>\n\t\t\t\t<\/div>\n\t\t\t\t<\/div>\n\t\t<div class=\"elementor-element elementor-element-2e5f3f4 e-con-full e-flex e-con e-child\" data-id=\"2e5f3f4\" data-element_type=\"container\">\n\t\t\t\t<div class=\"elementor-element elementor-element-417e7e2 elementor-widget elementor-widget-heading\" data-id=\"417e7e2\" data-element_type=\"widget\" data-widget_type=\"heading.default\">\n\t\t\t\t<div class=\"elementor-widget-container\">\n\t\t\t\t\t<h4 class=\"elementor-heading-title elementor-size-default\">Somos mais do que uma f\u00e1brica de m\u00e1quinas para academia \u2014 somos movidos pelo prop\u00f3sito de transformar o treino em uma experi\u00eancia de qualidade, seguran\u00e7a e performance.<\/h4>\t\t\t\t<\/div>\n\t\t\t\t<\/div>\n\t\t\t\t<div class=\"elementor-element elementor-element-a53bd8a elementor-widget elementor-widget-text-editor\" data-id=\"a53bd8a\" data-element_type=\"widget\" data-widget_type=\"text-editor.default\">\n\t\t\t\t<div class=\"elementor-widget-container\">\n\t\t\t\t\t\t\t\t\t<p data-start=\"316\" data-end=\"672\">Tudo come\u00e7ou com uma ideia simples, mas poderosa: <strong data-start=\"537\" data-end=\"672\">unir engenharia de precis\u00e3o, design robusto e a paix\u00e3o pelo universo fitness para criar equipamentos que inspiram resultados reais.<\/strong><\/p><p data-start=\"674\" data-end=\"913\">Fundada em S\u00e3o Carlos, no interior de S\u00e3o Paulo, nossa empresa nasceu do olhar atento de quem vive o dia a dia da muscula\u00e7\u00e3o, entende as dores dos profissionais do ramo e enxerga as oportunidades de inovar onde muitos ainda fazem o b\u00e1sico.<\/p><p data-start=\"915\" data-end=\"1222\">Nosso time \u00e9 formado por engenheiros, designers, soldadores, t\u00e9cnicos e profissionais do esporte. Gente de verdade, com hist\u00f3rias, metas e dedica\u00e7\u00e3o total em cada pe\u00e7a que fabricamos. <strong data-start=\"1099\" data-end=\"1222\">Por tr\u00e1s de cada m\u00e1quina, existe uma equipe comprometida com o sucesso dos nossos clientes e a evolu\u00e7\u00e3o de seus alunos.<\/strong><\/p>\t\t\t\t\t\t\t\t<\/div>\n\t\t\t\t<\/div>\n\t\t\t\t<\/div>\n\t\t<div class=\"elementor-element elementor-element-d4aa395 e-con-full e-flex e-con e-child\" data-id=\"d4aa395\" data-element_type=\"container\" data-settings=\"{&quot;background_background&quot;:&quot;classic&quot;}\">\n\t\t<div class=\"elementor-element elementor-element-b5b7a3b e-con-full e-flex e-con e-child\" data-id=\"b5b7a3b\" data-element_type=\"container\">\n\t\t\t\t<div class=\"elementor-element elementor-element-95c11de elementor-widget elementor-widget-heading\" data-id=\"95c11de\" data-element_type=\"widget\" data-widget_type=\"heading.default\">\n\t\t\t\t<div class=\"elementor-widget-container\">\n\t\t\t\t\t<h6 class=\"elementor-heading-title elementor-size-default\">Por que existimos?<\/h6>\t\t\t\t<\/div>\n\t\t\t\t<\/div>\n\t\t\t\t<div class=\"elementor-element elementor-element-2cfe0a1 elementor-widget-divider--view-line elementor-widget elementor-widget-divider\" data-id=\"2cfe0a1\" data-element_type=\"widget\" data-widget_type=\"divider.default\">\n\t\t\t\t<div class=\"elementor-widget-container\">\n\t\t\t\t\t\t\t<div class=\"elementor-divider\">\n\t\t\t<span class=\"elementor-divider-separator\">\n\t\t\t\t\t\t<\/span>\n\t\t<\/div>\n\t\t\t\t\t\t<\/div>\n\t\t\t\t<\/div>\n\t\t\t\t<\/div>\n\t\t<div class=\"elementor-element elementor-element-d52880d e-con-full e-flex e-con e-child\" data-id=\"d52880d\" data-element_type=\"container\">\n\t\t\t\t<div class=\"elementor-element elementor-element-e849ce2 elementor-widget elementor-widget-heading\" data-id=\"e849ce2\" data-element_type=\"widget\" data-widget_type=\"heading.default\">\n\t\t\t\t<div class=\"elementor-widget-container\">\n\t\t\t\t\t<h4 class=\"elementor-heading-title elementor-size-default\">acreditamos que o Brasil tem potencial para oferecer o melhor em equipamentos de muscula\u00e7\u00e3o \u2014 sem depender do mercado externo.<\/h4>\t\t\t\t<\/div>\n\t\t\t\t<\/div>\n\t\t\t\t<div class=\"elementor-element elementor-element-12e4c65 elementor-widget elementor-widget-text-editor\" data-id=\"12e4c65\" data-element_type=\"widget\" data-widget_type=\"text-editor.default\">\n\t\t\t\t<div class=\"elementor-widget-container\">\n\t\t\t\t\t\t\t\t\t<p data-start=\"1248\" data-end=\"1542\">Somos 100% nacionais e temos orgulho disso. Fazemos quest\u00e3o de manter um padr\u00e3o elevado de qualidade, com atendimento direto, personalizado e suporte pr\u00f3ximo.<\/p><p data-start=\"1544\" data-end=\"1699\">Mais do que vender equipamentos, <strong data-start=\"1577\" data-end=\"1699\">queremos ser parceiros do crescimento de cada academia, est\u00fadio ou centro de treinamento que aposta no nosso trabalho.<\/strong><\/p>\t\t\t\t\t\t\t\t<\/div>\n\t\t\t\t<\/div>\n\t\t\t\t<\/div>\n\t\t\t\t<\/div>\n\t\t<div class=\"elementor-element elementor-element-f0a0a44 e-con-full e-flex e-con e-child\" data-id=\"f0a0a44\" data-element_type=\"container\">\n\t\t\t\t<div class=\"elementor-element elementor-element-9a5a95a elementor-widget elementor-widget-heading\" data-id=\"9a5a95a\" data-element_type=\"widget\" data-widget_type=\"heading.default\">\n\t\t\t\t<div class=\"elementor-widget-container\">\n\t\t\t\t\t<h2 class=\"elementor-heading-title elementor-size-default\">NOSSOS VALORES<\/h2>\t\t\t\t<\/div>\n\t\t\t\t<\/div>\n\t\t\t\t<div class=\"elementor-element elementor-element-36f7ceb elementor-widget elementor-widget-text-editor\" data-id=\"36f7ceb\" data-element_type=\"widget\" data-widget_type=\"text-editor.default\">\n\t\t\t\t<div class=\"elementor-widget-container\">\n\t\t\t\t\t\t\t\t\t<ul>\n<li data-start=\"1723\" data-end=\"1805\"><strong data-start=\"1723\" data-end=\"1759\">Comprometimento com a qualidade:<\/strong> Da solda ao acabamento, cada detalhe importa.<\/li>\n<li data-start=\"1808\" data-end=\"1927\"><strong data-start=\"1808\" data-end=\"1833\">Design com prop\u00f3sito:<\/strong> Est\u00e9tica moderna e funcionalidade real para otimizar espa\u00e7os e melhorar a experi\u00eancia de uso.<\/li>\n<li data-start=\"1930\" data-end=\"2020\"><strong data-start=\"1930\" data-end=\"1958\">Confian\u00e7a e proximidade:<\/strong> Estamos sempre por perto. Falar com a gente \u00e9 f\u00e1cil e r\u00e1pido.<\/li>\n<li data-start=\"2023\" data-end=\"2130\"><strong data-start=\"2023\" data-end=\"2046\">Inova\u00e7\u00e3o constante:<\/strong> Investimos em melhorias cont\u00ednuas para acompanhar as exig\u00eancias do mercado fitness.<\/li>\n<\/ul>\t\t\t\t\t\t\t\t<\/div>\n\t\t\t\t<\/div>\n\t\t\t\t<\/div>\n\t\t\t\t\t<\/div>\n\t\t\t\t<\/div>\n\t\t<div class=\"elementor-element elementor-element-debea73 e-flex e-con-boxed e-con e-parent\" data-id=\"debea73\" data-element_type=\"container\">\n\t\t\t\t\t<div class=\"e-con-inner\">\n\t\t\t\t<div class=\"elementor-element elementor-element-bdc6cc6 elementor-widget-divider--view-line elementor-widget elementor-widget-divider\" data-id=\"bdc6cc6\" data-element_type=\"widget\" data-widget_type=\"divider.default\">\n\t\t\t\t<div class=\"elementor-widget-container\">\n\t\t\t\t\t\t\t<div class=\"elementor-divider\">\n\t\t\t<span class=\"elementor-divider-separator\">\n\t\t\t\t\t\t<\/span>\n\t\t<\/div>\n\t\t\t\t\t\t<\/div>\n\t\t\t\t<\/div>\n\t\t<div class=\"elementor-element elementor-element-d5f7152 e-con-full e-flex e-con e-child\" data-id=\"d5f7152\" data-element_type=\"container\">\n\t\t\t\t<div class=\"elementor-element elementor-element-e1d4af1 elementor-position-top elementor-widget__width-initial elementor-position-top elementor-widget elementor-widget-image-box\" data-id=\"e1d4af1\" data-element_type=\"widget\" data-widget_type=\"image-box.default\">\n\t\t\t\t<div class=\"elementor-widget-container\">\n\t\t\t\t\t<div class=\"elementor-image-box-wrapper\"><figure class=\"elementor-image-box-img\"><img decoding=\"async\" width=\"58\" height=\"59\" src=\"https:\/\/www.armstrongfit.com.br\/home\/wp-content\/uploads\/2024\/02\/icon-02.svg\" class=\"attachment-full size-full wp-image-58\" alt=\"\" \/><\/figure><div class=\"elementor-image-box-content\"><h4 class=\"elementor-image-box-title\"><h4 style=\"font-size: 1.58824rem; font-style: normal; white-space-collapse: collapse;\">excel\u00eancia em biomec\u00e2nica e qualidade<span style=\"color: var(--ast-global-color-2); font-size: 1.58824rem; font-style: inherit; white-space-collapse: preserve; background-color: var(--ast-global-color-4);\"><\/span><\/h4><\/h4><p class=\"elementor-image-box-description\"><span style=\"white-space-collapse: collapse;\">Desenvolvemos equipamentos de academia projetados com rigor cient\u00edfico em biomec\u00e2nica, garantindo movimentos precisos, seguros e eficientes. Nosso compromisso com a qualidade assegura a m\u00e1xima performance e durabilidade para seu investimento.<\/span><\/p><\/div><\/div>\t\t\t\t<\/div>\n\t\t\t\t<\/div>\n\t\t\t\t<div class=\"elementor-element elementor-element-5cef00d elementor-position-top elementor-widget__width-initial elementor-position-top elementor-widget elementor-widget-image-box\" data-id=\"5cef00d\" data-element_type=\"widget\" data-widget_type=\"image-box.default\">\n\t\t\t\t<div class=\"elementor-widget-container\">\n\t\t\t\t\t<div class=\"elementor-image-box-wrapper\"><figure class=\"elementor-image-box-img\"><img decoding=\"async\" width=\"58\" height=\"59\" src=\"https:\/\/www.armstrongfit.com.br\/home\/wp-content\/uploads\/2024\/02\/icon-03.svg\" class=\"attachment-full size-full wp-image-59\" alt=\"\" \/><\/figure><div class=\"elementor-image-box-content\"><h4 class=\"elementor-image-box-title\"><span style=\"color: var(--ast-global-color-2); font-size: 1.58824rem; white-space-collapse: collapse; background-color: var(--ast-global-color-4);\">NOSSOS CLIENTES PODEM CONFIRMAR<\/span><\/h4><p class=\"elementor-image-box-description\"><span style=\"white-space-collapse: collapse;\">Mais do que prometer, entregamos resultados. A satisfa\u00e7\u00e3o e os depoimentos dos nossos clientes s\u00e3o a maior prova da nossa dedica\u00e7\u00e3o e da superioridade dos nossos produtos.<\/span><\/p><\/div><\/div>\t\t\t\t<\/div>\n\t\t\t\t<\/div>\n\t\t\t\t<div class=\"elementor-element elementor-element-596ea1c elementor-position-top elementor-widget__width-initial elementor-position-top elementor-widget elementor-widget-image-box\" data-id=\"596ea1c\" data-element_type=\"widget\" data-widget_type=\"image-box.default\">\n\t\t\t\t<div class=\"elementor-widget-container\">\n\t\t\t\t\t<div class=\"elementor-image-box-wrapper\"><figure class=\"elementor-image-box-img\"><img decoding=\"async\" width=\"58\" height=\"59\" src=\"https:\/\/www.armstrongfit.com.br\/home\/wp-content\/uploads\/2024\/02\/icon-01.svg\" class=\"attachment-full size-full wp-image-57\" alt=\"\" \/><\/figure><div class=\"elementor-image-box-content\"><h4 class=\"elementor-image-box-title\"><span style=\"color: var(--ast-global-color-2); font-size: 1.58824rem; white-space-collapse: collapse; background-color: var(--ast-global-color-4);\">ATENDIMENTO PERSONALIZADO<\/span><\/h4><p class=\"elementor-image-box-description\"><span style=\"white-space-collapse: collapse;\">Oferecemos um atendimento consultivo e solu\u00e7\u00f5es personalizadas, desenvolvidas para atender \u00e0s necessidades espec\u00edficas de cada cliente, garantindo resultados superiores e total satisfa\u00e7\u00e3o.<\/span><\/p><\/div><\/div>\t\t\t\t<\/div>\n\t\t\t\t<\/div>\n\t\t\t\t<\/div>\n\t\t\t\t\t<\/div>\n\t\t\t\t<\/div>\n\t\t<div class=\"elementor-element elementor-element-866a60f e-flex e-con-boxed e-con e-parent\" data-id=\"866a60f\" data-element_type=\"container\">\n\t\t\t\t\t<div class=\"e-con-inner\">\n\t\t<div class=\"elementor-element elementor-element-b252c2d e-con-full e-flex e-con e-child\" data-id=\"b252c2d\" data-element_type=\"container\">\n\t\t\t\t<div class=\"elementor-element elementor-element-350a980 elementor-widget elementor-widget-text-editor\" data-id=\"350a980\" data-element_type=\"widget\" data-widget_type=\"text-editor.default\">\n\t\t\t\t<div class=\"elementor-widget-container\">\n\t\t\t\t\t\t\t\t\t<p>QUER FICAR POR DENTRO DAS NOSSAS NOVIDADES?<\/p>\t\t\t\t\t\t\t\t<\/div>\n\t\t\t\t<\/div>\n\t\t\t\t<div class=\"elementor-element elementor-element-a1d5ea4 elementor-widget-divider--view-line elementor-widget elementor-widget-divider\" data-id=\"a1d5ea4\" data-element_type=\"widget\" data-widget_type=\"divider.default\">\n\t\t\t\t<div class=\"elementor-widget-container\">\n\t\t\t\t\t\t\t<div class=\"elementor-divider\">\n\t\t\t<span class=\"elementor-divider-separator\">\n\t\t\t\t\t\t<\/span>\n\t\t<\/div>\n\t\t\t\t\t\t<\/div>\n\t\t\t\t<\/div>\n\t\t\t\t<\/div>\n\t\t<div class=\"elementor-element elementor-element-b592544 e-con-full e-flex e-con e-child\" data-id=\"b592544\" data-element_type=\"container\">\n\t\t\t\t<div class=\"elementor-element elementor-element-cf3ae1b elementor-widget elementor-widget-heading\" data-id=\"cf3ae1b\" data-element_type=\"widget\" data-widget_type=\"heading.default\">\n\t\t\t\t<div class=\"elementor-widget-container\">\n\t\t\t\t\t<h2 class=\"elementor-heading-title elementor-size-default\">ASSINE NOSSA LISTA DE TRANSMISS\u00c3O PARA RECEBER NOVIDADES E PROMO\u00c7\u00d5ES!<\/h2>\t\t\t\t<\/div>\n\t\t\t\t<\/div>\n\t\t\t\t<\/div>\n\t\t<div class=\"elementor-element elementor-element-ab8689a e-con-full e-flex e-con e-child\" data-id=\"ab8689a\" data-element_type=\"container\" data-settings=\"{&quot;background_background&quot;:&quot;classic&quot;}\">\n\t\t\t\t<div class=\"elementor-element elementor-element-28c42b6 elementor-widget elementor-widget-wpforms\" data-id=\"28c42b6\" data-element_type=\"widget\" data-widget_type=\"wpforms.default\">\n\t\t\t\t<div class=\"elementor-widget-container\">\n\t\t\t\t\t<div class=\"wpforms-container wpforms-render-modern\" id=\"wpforms-977\"><form id=\"wpforms-form-977\" class=\"wpforms-validate wpforms-form wpforms-ajax-form\" data-formid=\"977\" method=\"post\" enctype=\"multipart\/form-data\" action=\"\/home\/wp-json\/wp\/v2\/pages\/21\" data-token=\"63805d88a3ffc0b8d818836cf34ade17\" data-token-time=\"1775309713\"><noscript class=\"wpforms-error-noscript\">Ative o JavaScript no seu navegador para preencher este formul\u00e1rio.<\/noscript><div class=\"wpforms-hidden\" id=\"wpforms-error-noscript\">Ative o JavaScript no seu navegador para preencher este formul\u00e1rio.<\/div><div class=\"wpforms-field-container\"><div id=\"wpforms-977-field_1-container\" class=\"wpforms-field wpforms-field-name\" data-field-id=\"1\"><label class=\"wpforms-field-label\" for=\"wpforms-977-field_1\">Nome <span class=\"wpforms-required-label\" aria-hidden=\"true\">*<\/span><\/label><input type=\"text\" id=\"wpforms-977-field_1\" class=\"wpforms-field-medium wpforms-field-required\" name=\"wpforms[fields][1]\" aria-errormessage=\"wpforms-977-field_1-error\" required><\/div><div id=\"wpforms-977-field_3-container\" class=\"wpforms-field wpforms-field-number\" data-field-id=\"3\"><label class=\"wpforms-field-label\" for=\"wpforms-977-field_3\">WhatsApp! <span class=\"wpforms-required-label\" aria-hidden=\"true\">*<\/span><\/label><input type=\"number\" id=\"wpforms-977-field_3\" class=\"wpforms-field-medium wpforms-field-required\" name=\"wpforms[fields][3]\" step=\"any\" aria-errormessage=\"wpforms-977-field_3-error\" required><\/div><div id=\"wpforms-977-field_2-container\" class=\"wpforms-field wpforms-field-email\" data-field-id=\"2\"><label class=\"wpforms-field-label\" for=\"wpforms-977-field_2\">Email <span class=\"wpforms-required-label\" aria-hidden=\"true\">*<\/span><\/label><input type=\"email\" id=\"wpforms-977-field_2\" class=\"wpforms-field-medium wpforms-field-required\" name=\"wpforms[fields][2]\" spellcheck=\"false\" aria-errormessage=\"wpforms-977-field_2-error\" required><\/div><\/div><!-- .wpforms-field-container --><div class=\"wpforms-submit-container\" ><input type=\"hidden\" name=\"wpforms[id]\" value=\"977\"><input type=\"hidden\" name=\"page_title\" value=\"\"><input type=\"hidden\" name=\"page_url\" value=\"https:\/\/www.armstrongfit.com.br\/home\/wp-json\/wp\/v2\/pages\/21\"><input type=\"hidden\" name=\"url_referer\" value=\"\"><button type=\"submit\" name=\"wpforms[submit]\" id=\"wpforms-submit-977\" class=\"wpforms-submit\" data-alt-text=\"Enviando!\" data-submit-text=\"Enviar!\" aria-live=\"assertive\" value=\"wpforms-submit\">Enviar!<\/button><img loading=\"lazy\" decoding=\"async\" src=\"https:\/\/www.armstrongfit.com.br\/home\/wp-content\/plugins\/wpforms-lite\/assets\/images\/submit-spin.svg\" class=\"wpforms-submit-spinner\" style=\"display: none;\" width=\"26\" height=\"26\" alt=\"Carregando\"><\/div><\/form><\/div>  <!-- .wpforms-container -->\t\t\t\t<\/div>\n\t\t\t\t<\/div>\n\t\t\t\t<\/div>\n\t\t\t\t\t<\/div>\n\t\t\t\t<\/div>\n\t\t\t\t<\/div>\n\t\t","protected":false},"excerpt":{"rendered":"<p>SOBRE N\u00d3S Paix\u00e3o pelo movimento. Compromisso com a excel\u00eancia. NOSSA HIST\u00d3RIA Somos mais do que uma f\u00e1brica de m\u00e1quinas para [&hellip;]<\/p>\n","protected":false},"author":3,"featured_media":0,"parent":0,"menu_order":0,"comment_status":"closed","ping_status":"closed","template":"","meta":{"site-sidebar-layout":"no-sidebar","site-content-layout":"","ast-site-content-layout":"full-width-container","site-content-style":"default","site-sidebar-style":"default","ast-global-header-display":"","ast-banner-title-visibility":"","ast-main-header-display":"","ast-hfb-above-header-display":"","ast-hfb-below-header-display":"","ast-hfb-mobile-header-display":"","site-post-title":"disabled","ast-breadcrumbs-content":"","ast-featured-img":"disabled","footer-sml-layout":"","theme-transparent-header-meta":"enabled","adv-header-id-meta":"","stick-header-meta":"","header-above-stick-meta":"","header-main-stick-meta":"","header-below-stick-meta":"","astra-migrate-meta-layouts":"default","ast-page-background-enabled":"default","ast-page-background-meta":{"desktop":{"background-color":"var(--ast-global-color-4)","background-image":"","background-repeat":"repeat","background-position":"center center","background-size":"auto","background-attachment":"scroll","background-type":"","background-media":"","overlay-type":"","overlay-color":"","overlay-opacity":"","overlay-gradient":""},"tablet":{"background-color":"","background-image":"","background-repeat":"repeat","background-position":"center center","background-size":"auto","background-attachment":"scroll","background-type":"","background-media":"","overlay-type":"","overlay-color":"","overlay-opacity":"","overlay-gradient":""},"mobile":{"background-color":"","background-image":"","background-repeat":"repeat","background-position":"center center","background-size":"auto","background-attachment":"scroll","background-type":"","background-media":"","overlay-type":"","overlay-color":"","overlay-opacity":"","overlay-gradient":""}},"ast-content-background-meta":{"desktop":{"background-color":"var(--ast-global-color-5)","background-image":"","background-repeat":"repeat","background-position":"center center","background-size":"auto","background-attachment":"scroll","background-type":"","background-media":"","overlay-type":"","overlay-color":"","overlay-opacity":"","overlay-gradient":""},"tablet":{"background-color":"var(--ast-global-color-5)","background-image":"","background-repeat":"repeat","background-position":"center center","background-size":"auto","background-attachment":"scroll","background-type":"","background-media":"","overlay-type":"","overlay-color":"","overlay-opacity":"","overlay-gradient":""},"mobile":{"background-color":"var(--ast-global-color-5)","background-image":"","background-repeat":"repeat","background-position":"center center","background-size":"auto","background-attachment":"scroll","background-type":"","background-media":"","overlay-type":"","overlay-color":"","overlay-opacity":"","overlay-gradient":""}},"footnotes":""},"class_list":["post-21","page","type-page","status-publish","hentry"],"_links":{"self":[{"href":"https:\/\/www.armstrongfit.com.br\/home\/wp-json\/wp\/v2\/pages\/21","targetHints":{"allow":["GET"]}}],"collection":[{"href":"https:\/\/www.armstrongfit.com.br\/home\/wp-json\/wp\/v2\/pages"}],"about":[{"href":"https:\/\/www.armstrongfit.com.br\/home\/wp-json\/wp\/v2\/types\/page"}],"author":[{"embeddable":true,"href":"https:\/\/www.armstrongfit.com.br\/home\/wp-json\/wp\/v2\/users\/3"}],"replies":[{"embeddable":true,"href":"https:\/\/www.armstrongfit.com.br\/home\/wp-json\/wp\/v2\/comments?post=21"}],"version-history":[{"count":10,"href":"https:\/\/www.armstrongfit.com.br\/home\/wp-json\/wp\/v2\/pages\/21\/revisions"}],"predecessor-version":[{"id":1038,"href":"https:\/\/www.armstrongfit.com.br\/home\/wp-json\/wp\/v2\/pages\/21\/revisions\/1038"}],"wp:attachment":[{"href":"https:\/\/www.armstrongfit.com.br\/home\/wp-json\/wp\/v2\/media?parent=21"}],"curies":[{"name":"wp","href":"https:\/\/api.w.org\/{rel}","templated":true}]}}